{"id":187,"date":"2024-09-10T13:51:02","date_gmt":"2024-09-10T13:51:02","guid":{"rendered":"https:\/\/diario99.com\/?page_id=187"},"modified":"2024-09-12T12:39:45","modified_gmt":"2024-09-12T12:39:45","slug":"que-es-diario99","status":"publish","type":"page","link":"https:\/\/diario99.com\/?page_id=187","title":{"rendered":"Qu\u00e9 es diario99"},"content":{"rendered":"\n<p><strong>Diario99<\/strong> es un medio de comunicaci\u00f3n totalmente independiente tanto del poder pol\u00edtico como del poder econ\u00f3mico. Nacemos desde y para las redes sociales. Somos una red de webs y cuentas en redes sociales que alcanza cerca de los dos millones de seguidores.<br><br>Nuestra red de redes la conforman perfiles como los de La Pandereta, centrados en la actualidad viral pol\u00edtica espa\u00f1ola e internacional desde 2015 y con m\u00e1s de un mill\u00f3n de seguidores en redes sociales. Plei, con cerca de 100.000 seguidores en redes, una cuenta 100% v\u00eddeo centrada en temas culturales, sociales, y de divlugaci\u00f3n. Dfacto, centrados en la verificaci\u00f3n de noticias, muy necesaria en los actuales tiempos de fake-news.<br>Y nuestro nuevo medio, Diario99, que funcionar\u00e1 como un medio totalmente independiente centrado en la actualidad espa\u00f1ola e internacional.<br><br>Somos un medio joven creado con el objetivo de ofrecer informaci\u00f3n actualizada. veraz y cr\u00edtica sobre la actualidad espa\u00f1ola e internacional. Somos una red joven y moderna que ha crecido de manera org\u00e1nica, construyendo una audiencia comprometida en plataformas digitales. Nuestra independencia editorial nos permite cubrir noticias y temas de inter\u00e9s sin compromisos ni influencias externas, garantizando a nuestros lectores un enfoque imparcial y riguroso.<\/p>\n\n\n\n<p>En Diario99 creemos en el poder de las redes sociales para informar de manera r\u00e1pida y efectiva. Nuestra plataforma digital, as\u00ed como nuestras cuentas en redes sociales, nos permiten estar al d\u00eda con los \u00faltimos acontecimientos, ofreciendo an\u00e1lisis, v\u00eddeos y noticias en tiempo real. <\/p>\n","protected":false},"excerpt":{"rendered":"<p>Diario99 es un medio de comunicaci\u00f3n totalmente independiente tanto del poder pol\u00edtico como del poder econ\u00f3mico. Nacemos desde y para las redes sociales. Somos una red de webs y cuentas en redes sociales que alcanza cerca de los dos millones de seguidores. Nuestra red de redes la conforman perfiles como los de La Pandereta, centrados en la actualidad viral pol\u00edtica espa\u00f1ola e internacional desde 2015 y con m\u00e1s de un mill\u00f3n de seguidores en redes sociales. Plei, con cerca de 100.000 seguidores en redes, una cuenta 100% v\u00eddeo centrada en temas culturales, sociales, y de divlugaci\u00f3n. Dfacto, centrados en la verificaci\u00f3n de noticias, muy necesaria en los actuales tiempos de fake-news.Y nuestro nuevo medio, Diario99, que funcionar\u00e1 como un medio totalmente independiente centrado en la actualidad espa\u00f1ola e internacional. Somos un medio joven creado con el objetivo de ofrecer informaci\u00f3n actualizada. veraz y cr\u00edtica sobre la actualidad espa\u00f1ola e internacional. Somos una red joven y moderna que ha crecido de manera org\u00e1nica, construyendo una audiencia comprometida en plataformas digitales. Nuestra independencia editorial nos permite cubrir noticias y temas de inter\u00e9s sin compromisos ni influencias externas, garantizando a nuestros lectores un enfoque imparcial y riguroso. En Diario99 creemos en el poder &hellip;<\/p>\n","protected":false},"author":1,"featured_media":0,"parent":0,"menu_order":0,"comment_status":"closed","ping_status":"closed","template":"","meta":{"_acf_changed":false,"pmpro_default_level":"","footnotes":""},"class_list":["post-187","page","type-page","status-publish","hentry","pmpro-has-access"],"acf":[],"_links":{"self":[{"href":"https:\/\/diario99.com\/index.php?rest_route=\/wp\/v2\/pages\/187","targetHints":{"allow":["GET"]}}],"collection":[{"href":"https:\/\/diario99.com\/index.php?rest_route=\/wp\/v2\/pages"}],"about":[{"href":"https:\/\/diario99.com\/index.php?rest_route=\/wp\/v2\/types\/page"}],"author":[{"embeddable":true,"href":"https:\/\/diario99.com\/index.php?rest_route=\/wp\/v2\/users\/1"}],"replies":[{"embeddable":true,"href":"https:\/\/diario99.com\/index.php?rest_route=%2Fwp%2Fv2%2Fcomments&post=187"}],"version-history":[{"count":3,"href":"https:\/\/diario99.com\/index.php?rest_route=\/wp\/v2\/pages\/187\/revisions"}],"predecessor-version":[{"id":330,"href":"https:\/\/diario99.com\/index.php?rest_route=\/wp\/v2\/pages\/187\/revisions\/330"}],"wp:attachment":[{"href":"https:\/\/diario99.com\/index.php?rest_route=%2Fwp%2Fv2%2Fmedia&parent=187"}],"curies":[{"name":"wp","href":"https:\/\/api.w.org\/{rel}","templated":true}]}}